{"id":1653,"date":"2022-01-13T14:26:57","date_gmt":"2022-01-13T11:26:57","guid":{"rendered":"https:\/\/fevreka.com\/?page_id=1653"},"modified":"2022-05-17T17:12:48","modified_gmt":"2022-05-17T14:12:48","slug":"home-2","status":"publish","type":"page","link":"https:\/\/fevreka.com\/en\/","title":{"rendered":"Home"},"content":{"rendered":"<div class=\"wpb-content-wrapper\"><p>[vc_row equal_height=&#8221;yes&#8221; content_placement=&#8221;middle&#8221;][vc_column width=&#8221;1\/2&#8243;][vc_single_image image=&#8221;993&#8243; img_size=&#8221;full&#8221; alignment=&#8221;center&#8221;][\/vc_column][vc_column width=&#8221;1\/2&#8243;][vc_custom_heading text=&#8221;Who Are We?&#8221; font_container=&#8221;tag:h2|font_size:30px|text_align:left|line_height:1.5&#8243; google_fonts=&#8221;font_family:Montserrat%3Aregular%2C700|font_style:700%20bold%20regular%3A700%3Anormal&#8221;][vc_column_text]We are the descendants of Archimedes. He said that the water moves up the objects while we said that the ideas moves up the brands. We are in pursuit of subtle and shaky ideas, such as the stone in the water, which is not always standing in front of us. We are Fevreka, the agency of great ideas![\/vc_column_text][\/vc_column][\/vc_row][vc_row full_width=&#8221;stretch_row&#8221; css=&#8221;.vc_custom_1555944154332{background-color: #f9f9f9 !important;}&#8221;][vc_column css=&#8221;.vc_custom_1552390960666{padding-top: 0px !important;padding-right: 30px !important;padding-bottom: 0px !important;padding-left: 30px !important;}&#8221;][vc_custom_heading text=&#8221;Our Business&#8221; font_container=&#8221;tag:h2|font_size:30px|text_align:left|line_height:1.5&#8243; google_fonts=&#8221;font_family:Montserrat%3Aregular%2C700|font_style:700%20bold%20regular%3A700%3Anormal&#8221;][vc_row_inner equal_height=&#8221;yes&#8221; gap=&#8221;30&#8243;][vc_column_inner width=&#8221;1\/3&#8243; css=&#8221;.vc_custom_1637591433623{padding-top: 0px !important;padding-right: 0px !important;padding-bottom: 0px !important;padding-left: 0px !important;background-image: url(https:\/\/fevreka.com\/wp-content\/uploads\/2021\/11\/kikkoman-png.png?id=1654) !important;background-position: center !important;background-repeat: no-repeat !important;background-size: cover !important;}&#8221; offset=&#8221;vc_col-md-4&#8243;][vc_empty_space height=&#8221;0&#8243; css=&#8221;.vc_custom_1552376173463{padding-top: 100% !important;}&#8221;]<a class=\"c-reboot-smart-link\" href=\"https:\/\/fevreka.com\/\" title=\"Anasayfa\">    <div class=\"c-reboot-smart-link__content\">\n                    <h4 class=\"c-reboot-smart-link__title\">Kikkoman<\/h4>\n        \n                    <div class=\"c-reboot-smart-link__description\"><ul>\n<li>Social Media Management<\/li>\n<\/ul>\n<\/div>\n            <\/div>\n<\/a><link href=\"https:\/\/fevreka.com\/wp-content\/plugins\/reboot-core\/shortcodes\/reboot_smart_link\/style.css\" rel=\"stylesheet\"><script src=\"https:\/\/fevreka.com\/wp-content\/plugins\/reboot-core\/shortcodes\/reboot_smart_link\/script.js\"><\/script>[\/vc_column_inner][vc_column_inner width=&#8221;1\/3&#8243; css=&#8221;.vc_custom_1637591496117{padding-top: 0px !important;padding-right: 0px !important;padding-bottom: 0px !important;padding-left: 0px !important;background-image: url(https:\/\/fevreka.com\/wp-content\/uploads\/2021\/11\/bayer.jpg?id=1656) !important;background-position: center !important;background-repeat: no-repeat !important;background-size: cover !important;}&#8221; offset=&#8221;vc_col-md-4&#8243;][vc_empty_space height=&#8221;0&#8243; css=&#8221;.vc_custom_1552376173463{padding-top: 100% !important;}&#8221;]<div class=\"c-reboot-smart-link\">    <div class=\"c-reboot-smart-link__content\">\n                    <h4 class=\"c-reboot-smart-link__title\">Bayer<\/h4>\n        \n                    <div class=\"c-reboot-smart-link__description\"><ul>\n<li>Social Media Management<\/li>\n<li>YouTube Videos Production<\/li>\n<li>YouTube SEO<\/li>\n<\/ul>\n<\/div>\n            <\/div>\n<\/div>[\/vc_column_inner][vc_column_inner width=&#8221;1\/3&#8243; css=&#8221;.vc_custom_1637591532114{padding-top: 0px !important;padding-right: 0px !important;padding-bottom: 0px !important;padding-left: 0px !important;background-image: url(https:\/\/fevreka.com\/wp-content\/uploads\/2021\/11\/isbankasi.jpg?id=1658) !important;background-position: center !important;background-repeat: no-repeat !important;background-size: cover !important;}&#8221; offset=&#8221;vc_col-md-4&#8243;][vc_empty_space height=&#8221;0&#8243; css=&#8221;.vc_custom_1552376173463{padding-top: 100% !important;}&#8221;]<div class=\"c-reboot-smart-link\">    <div class=\"c-reboot-smart-link__content\">\n                    <h4 class=\"c-reboot-smart-link__title\">\u0130\u015f Bankas\u0131<\/h4>\n        \n                    <div class=\"c-reboot-smart-link__description\"><ul>\n<li>Mobile Interface Design<\/li>\n<li>Logo Design<\/li>\n<li>Content Production<\/li>\n<\/ul>\n<\/div>\n            <\/div>\n<\/div>[\/vc_column_inner][\/vc_row_inner][vc_row_inner equal_height=&#8221;yes&#8221; gap=&#8221;30&#8243;][vc_column_inner width=&#8221;1\/3&#8243; css=&#8221;.vc_custom_1637592009696{padding-top: 0px !important;padding-right: 0px !important;padding-bottom: 0px !important;padding-left: 0px !important;background-image: url(https:\/\/fevreka.com\/wp-content\/uploads\/2021\/11\/koc-1.jpg?id=1672) !important;background-position: center !important;background-repeat: no-repeat !important;background-size: cover !important;}&#8221; offset=&#8221;vc_col-md-4&#8243;][vc_empty_space height=&#8221;0&#8243; css=&#8221;.vc_custom_1552376173463{padding-top: 100% !important;}&#8221;]<a class=\"c-reboot-smart-link\" href=\"https:\/\/fevreka.com\/\" title=\"Anasayfa\">    <div class=\"c-reboot-smart-link__content\">\n                    <h4 class=\"c-reboot-smart-link__title\">Ko\u00e7<\/h4>\n        \n                    <div class=\"c-reboot-smart-link__description\"><ul>\n<li>Avis<\/li>\n<li>Web Site<\/li>\n<\/ul>\n<\/div>\n            <\/div>\n<\/a>[\/vc_column_inner][vc_column_inner width=&#8221;1\/3&#8243; css=&#8221;.vc_custom_1637591683759{padding-top: 0px !important;padding-right: 0px !important;padding-bottom: 0px !important;padding-left: 0px !important;background-image: url(https:\/\/fevreka.com\/wp-content\/uploads\/2021\/11\/otaci.png?id=1662) !important;background-position: center !important;background-repeat: no-repeat !important;background-size: cover !important;}&#8221; offset=&#8221;vc_col-md-4&#8243;][vc_empty_space height=&#8221;0&#8243; css=&#8221;.vc_custom_1552376173463{padding-top: 100% !important;}&#8221;]<div class=\"c-reboot-smart-link\">    <div class=\"c-reboot-smart-link__content\">\n                    <h4 class=\"c-reboot-smart-link__title\">Otac\u0131<\/h4>\n        \n                    <div class=\"c-reboot-smart-link__description\"><ul>\n<li>Social Media Management<br clear=\"all\">\n<div>\n<div dir=\"ltr\" data-smartmail=\"gmail_signature\">\n<div dir=\"ltr\">\n<div>\n<div dir=\"ltr\">\n<div>\n<div><\/div>\n<\/div>\n<\/div>\n<\/div>\n<\/div>\n<\/div>\n<\/div>\n<\/li>\n<\/ul>\n<\/div>\n            <\/div>\n<\/div>[\/vc_column_inner][vc_column_inner width=&#8221;1\/3&#8243; css=&#8221;.vc_custom_1637591701310{padding-top: 0px !important;padding-right: 0px !important;padding-bottom: 0px !important;padding-left: 0px !important;background-image: url(https:\/\/fevreka.com\/wp-content\/uploads\/2021\/11\/bioxcin.jpg?id=1664) !important;background-position: center !important;background-repeat: no-repeat !important;background-size: cover !important;}&#8221; offset=&#8221;vc_col-md-4&#8243;][vc_empty_space height=&#8221;0&#8243; css=&#8221;.vc_custom_1552376173463{padding-top: 100% !important;}&#8221;]<div class=\"c-reboot-smart-link\">    <div class=\"c-reboot-smart-link__content\">\n                    <h4 class=\"c-reboot-smart-link__title\">Bioxcin<\/h4>\n        \n                    <div class=\"c-reboot-smart-link__description\"><ul>\n<li>SEO<\/li>\n<li>Digital Reputation Management<\/li>\n<\/ul>\n<\/div>\n            <\/div>\n<\/div>[\/vc_column_inner][\/vc_row_inner][vc_row_inner equal_height=&#8221;yes&#8221; gap=&#8221;30&#8243;][vc_column_inner width=&#8221;1\/3&#8243; css=&#8221;.vc_custom_1637591838225{padding-top: 0px !important;padding-right: 0px !important;padding-bottom: 0px !important;padding-left: 0px !important;background-image: url(https:\/\/fevreka.com\/wp-content\/uploads\/2021\/11\/hafele.png?id=1666) !important;background-position: center !important;background-repeat: no-repeat !important;background-size: cover !important;}&#8221; offset=&#8221;vc_col-md-4&#8243;][vc_empty_space height=&#8221;0&#8243; css=&#8221;.vc_custom_1552376173463{padding-top: 100% !important;}&#8221;]<a class=\"c-reboot-smart-link\" href=\"https:\/\/fevreka.com\/\" title=\"Anasayfa\">    <div class=\"c-reboot-smart-link__content\">\n                    <h4 class=\"c-reboot-smart-link__title\">Hafele<\/h4>\n        \n                    <div class=\"c-reboot-smart-link__description\"><ul>\n<li>Social Media Management<\/li>\n<li>Blog Content Production<\/li>\n<li>Website<\/li>\n<li>Video Production<\/li>\n<\/ul>\n<\/div>\n            <\/div>\n<\/a>[\/vc_column_inner][vc_column_inner width=&#8221;1\/3&#8243; css=&#8221;.vc_custom_1637591858553{padding-top: 0px !important;padding-right: 0px !important;padding-bottom: 0px !important;padding-left: 0px !important;background-image: url(https:\/\/fevreka.com\/wp-content\/uploads\/2021\/11\/abdiibrahim.jpg?id=1668) !important;background-position: center !important;background-repeat: no-repeat !important;background-size: cover !important;}&#8221; offset=&#8221;vc_col-md-4&#8243;][vc_empty_space height=&#8221;0&#8243; css=&#8221;.vc_custom_1552376173463{padding-top: 100% !important;}&#8221;]<div class=\"c-reboot-smart-link\">    <div class=\"c-reboot-smart-link__content\">\n                    <h4 class=\"c-reboot-smart-link__title\">Abdi \u0130brahim<\/h4>\n        \n                    <div class=\"c-reboot-smart-link__description\"><ul>\n<li>Social Media Management<\/li>\n<li>SEO<\/li>\n<li>Content Production<\/li>\n<li>Website<\/li>\n<\/ul>\n<\/div>\n            <\/div>\n<\/div>[\/vc_column_inner][vc_column_inner width=&#8221;1\/3&#8243; css=&#8221;.vc_custom_1637591873897{padding-top: 0px !important;padding-right: 0px !important;padding-bottom: 0px !important;padding-left: 0px !important;background-image: url(https:\/\/fevreka.com\/wp-content\/uploads\/2021\/11\/oyak.png?id=1670) !important;background-position: center !important;background-repeat: no-repeat !important;background-size: cover !important;}&#8221; offset=&#8221;vc_col-md-4&#8243;][vc_empty_space height=&#8221;0&#8243; css=&#8221;.vc_custom_1552376173463{padding-top: 100% !important;}&#8221;]<div class=\"c-reboot-smart-link\">    <div class=\"c-reboot-smart-link__content\">\n                    <h4 class=\"c-reboot-smart-link__title\">Oyak Renault<\/h4>\n        \n                    <div class=\"c-reboot-smart-link__description\"><ul>\n<li>Social Media Management<\/li>\n<li>Corporate Presentation<\/li>\n<\/ul>\n<\/div>\n            <\/div>\n<\/div>[\/vc_column_inner][\/vc_row_inner]<style type=\"text\/css\" data-type=\"the7_shortcodes-inline-css\">#default-btn-f86bd9759385457f62bc99144f55b627 > i {\n  font-size: 11px;\n}\n#default-btn-f86bd9759385457f62bc99144f55b627 * {\n  vertical-align: middle;\n}\n<\/style><div class=\"btn-align-center\"><a href=\"https:\/\/fevreka.com\/en\/who-we-work-with-it\/\" class=\"default-btn-shortcode dt-btn dt-btn-l  vc_custom_1579094609703\" id=\"default-btn-f86bd9759385457f62bc99144f55b627\" title=\"Kimlerle \u00e7al\u0131\u015f\u0131yoruz?\"><span>More<\/span><\/a><\/div>[\/vc_column][\/vc_row][vc_row gap=&#8221;30&#8243; el_class=&#8221;c-icon-box-list c-icon-box-list&#8211;5&#8243;][vc_column]<div class=\"aio-icon-component    style_1\"><a class=\"aio-icon-box-link\" href=\"https:\/\/fevreka.com\/en\/what-are-we-doing\/\" title=\"What Are We Doing?\" ><div id=\"Info-box-wrap-7463\" class=\"aio-icon-box top-icon\" style=\"\"  ><div class=\"aio-icon-top\"><div class=\"ult-just-icon-wrapper  \"><div class=\"align-icon\" style=\"text-align:center;\">\n<div class=\"aio-icon circle \"  style=\"color:#ffffff;background:#ffb902;font-size:60px;display:inline-block;\">\n\t<i class=\"dashicons-fevreka-social-media\"><\/i>\n<\/div><\/div><\/div><\/div><div class=\"aio-icon-description ult-responsive\"  data-ultimate-target='#Info-box-wrap-7463 .aio-icon-description'  data-responsive-json-new='{\"font-size\":\"\",\"line-height\":\"\"}'  style=\"\">Social Media<\/p>\n<p>Management<\/div> <!-- description --><\/div> <!-- aio-icon-box --><\/a><\/div> <!-- aio-icon-component --><div class=\"aio-icon-component    style_1\"><a class=\"aio-icon-box-link\" href=\"https:\/\/fevreka.com\/en\/what-are-we-doing\/\" title=\"What Are We Doing?\" ><div id=\"Info-box-wrap-8568\" class=\"aio-icon-box top-icon\" style=\"\"  ><div class=\"aio-icon-top\"><div class=\"ult-just-icon-wrapper  \"><div class=\"align-icon\" style=\"text-align:center;\">\n<div class=\"aio-icon circle \"  style=\"color:#ffffff;background:#ffb902;font-size:60px;display:inline-block;\">\n\t<i class=\"dashicons-fevreka-quill\"><\/i>\n<\/div><\/div><\/div><\/div><div class=\"aio-icon-description ult-responsive\"  data-ultimate-target='#Info-box-wrap-8568 .aio-icon-description'  data-responsive-json-new='{\"font-size\":\"\",\"line-height\":\"\"}'  style=\"\">Content<\/p>\n<p>Production<\/div> <!-- description --><\/div> <!-- aio-icon-box --><\/a><\/div> <!-- aio-icon-component --><div class=\"aio-icon-component    style_1\"><a class=\"aio-icon-box-link\" href=\"https:\/\/fevreka.com\/en\/what-are-we-doing\/\" title=\"What Are We Doing?\" ><div id=\"Info-box-wrap-7612\" class=\"aio-icon-box top-icon\" style=\"\"  ><div class=\"aio-icon-top\"><div class=\"ult-just-icon-wrapper  \"><div class=\"align-icon\" style=\"text-align:center;\">\n<div class=\"aio-icon circle \"  style=\"color:#ffffff;background:#ffb902;font-size:60px;display:inline-block;\">\n\t<i class=\"dashicons-fevreka-seo-alt\"><\/i>\n<\/div><\/div><\/div><\/div><div class=\"aio-icon-description ult-responsive\"  data-ultimate-target='#Info-box-wrap-7612 .aio-icon-description'  data-responsive-json-new='{\"font-size\":\"\",\"line-height\":\"\"}'  style=\"\">SEO<\/div> <!-- description --><\/div> <!-- aio-icon-box --><\/a><\/div> <!-- aio-icon-component --><div class=\"aio-icon-component    style_1\"><a class=\"aio-icon-box-link\" href=\"https:\/\/fevreka.com\/en\/what-are-we-doing\/\" title=\"What Are We Doing?\" ><div id=\"Info-box-wrap-9825\" class=\"aio-icon-box top-icon\" style=\"\"  ><div class=\"aio-icon-top\"><div class=\"ult-just-icon-wrapper  \"><div class=\"align-icon\" style=\"text-align:center;\">\n<div class=\"aio-icon circle \"  style=\"color:#ffffff;background:#ffb902;font-size:60px;display:inline-block;\">\n\t<i class=\"dashicons-fevreka-like\"><\/i>\n<\/div><\/div><\/div><\/div><div class=\"aio-icon-description ult-responsive\"  data-ultimate-target='#Info-box-wrap-9825 .aio-icon-description'  data-responsive-json-new='{\"font-size\":\"\",\"line-height\":\"\"}'  style=\"\">Digital PR<\/p>\n<p>Management<\/div> <!-- description --><\/div> <!-- aio-icon-box --><\/a><\/div> <!-- aio-icon-component --><div class=\"aio-icon-component    style_1\"><a class=\"aio-icon-box-link\" href=\"https:\/\/fevreka.com\/en\/what-are-we-doing\/\" title=\"What Are We Doing?\" ><div id=\"Info-box-wrap-5365\" class=\"aio-icon-box top-icon\" style=\"\"  ><div class=\"aio-icon-top\"><div class=\"ult-just-icon-wrapper  \"><div class=\"align-icon\" style=\"text-align:center;\">\n<div class=\"aio-icon circle \"  style=\"color:#ffffff;background:#ffb902;font-size:60px;display:inline-block;\">\n\t<i class=\"dashicons-fevreka-hand-shake\"><\/i>\n<\/div><\/div><\/div><\/div><div class=\"aio-icon-description ult-responsive\"  data-ultimate-target='#Info-box-wrap-5365 .aio-icon-description'  data-responsive-json-new='{\"font-size\":\"\",\"line-height\":\"\"}'  style=\"\">Reputation<\/p>\n<p>Management<\/div> <!-- description --><\/div> <!-- aio-icon-box --><\/a><\/div> <!-- aio-icon-component --><div class=\"aio-icon-component    style_1\"><a class=\"aio-icon-box-link\" href=\"https:\/\/fevreka.com\/en\/what-are-we-doing\/\" title=\"What Are We Doing?\" ><div id=\"Info-box-wrap-7874\" class=\"aio-icon-box top-icon\" style=\"\"  ><div class=\"aio-icon-top\"><div class=\"ult-just-icon-wrapper  \"><div class=\"align-icon\" style=\"text-align:center;\">\n<div class=\"aio-icon circle \"  style=\"color:#ffffff;background:#ffb902;font-size:60px;display:inline-block;\">\n\t<i class=\"dashicons-fevreka-target\"><\/i>\n<\/div><\/div><\/div><\/div><div class=\"aio-icon-description ult-responsive\"  data-ultimate-target='#Info-box-wrap-7874 .aio-icon-description'  data-responsive-json-new='{\"font-size\":\"\",\"line-height\":\"\"}'  style=\"\">Crisis<\/p>\n<p>Management<\/div> <!-- description --><\/div> <!-- aio-icon-box --><\/a><\/div> <!-- aio-icon-component --><div class=\"aio-icon-component    style_1\"><a class=\"aio-icon-box-link\" href=\"https:\/\/fevreka.com\/en\/what-are-we-doing\/\" title=\"What Are We Doing?\" ><div id=\"Info-box-wrap-1295\" class=\"aio-icon-box top-icon\" style=\"\"  ><div class=\"aio-icon-top\"><div class=\"ult-just-icon-wrapper  \"><div class=\"align-icon\" style=\"text-align:center;\">\n<div class=\"aio-icon circle \"  style=\"color:#ffffff;background:#ffb902;font-size:60px;display:inline-block;\">\n\t<i class=\"dashicons-fevreka-rocket\"><\/i>\n<\/div><\/div><\/div><\/div><div class=\"aio-icon-description ult-responsive\"  data-ultimate-target='#Info-box-wrap-1295 .aio-icon-description'  data-responsive-json-new='{\"font-size\":\"\",\"line-height\":\"\"}'  style=\"\">Creative Campaign<\/p>\n<p>Production And Management<\/div> <!-- description --><\/div> <!-- aio-icon-box --><\/a><\/div> <!-- aio-icon-component --><div class=\"aio-icon-component    style_1\"><a class=\"aio-icon-box-link\" href=\"https:\/\/fevreka.com\/en\/what-are-we-doing\/\" title=\"What Are We Doing?\" ><div id=\"Info-box-wrap-9747\" class=\"aio-icon-box top-icon\" style=\"\"  ><div class=\"aio-icon-top\"><div class=\"ult-just-icon-wrapper  \"><div class=\"align-icon\" style=\"text-align:center;\">\n<div class=\"aio-icon circle \"  style=\"color:#ffffff;background:#ffb902;font-size:60px;display:inline-block;\">\n\t<i class=\"dashicons-fevreka-design\"><\/i>\n<\/div><\/div><\/div><\/div><div class=\"aio-icon-description ult-responsive\"  data-ultimate-target='#Info-box-wrap-9747 .aio-icon-description'  data-responsive-json-new='{\"font-size\":\"\",\"line-height\":\"\"}'  style=\"\">Graphic<\/p>\n<p>Design<\/div> <!-- description --><\/div> <!-- aio-icon-box --><\/a><\/div> <!-- aio-icon-component --><div class=\"aio-icon-component    style_1\"><a class=\"aio-icon-box-link\" href=\"https:\/\/fevreka.com\/en\/what-are-we-doing\/\" title=\"What Are We Doing?\" ><div id=\"Info-box-wrap-6154\" class=\"aio-icon-box top-icon\" style=\"\"  ><div class=\"aio-icon-top\"><div class=\"ult-just-icon-wrapper  \"><div class=\"align-icon\" style=\"text-align:center;\">\n<div class=\"aio-icon circle \"  style=\"color:#ffffff;background:#ffb902;font-size:60px;display:inline-block;\">\n\t<i class=\"dashicons-fevreka-identity\"><\/i>\n<\/div><\/div><\/div><\/div><div class=\"aio-icon-description ult-responsive\"  data-ultimate-target='#Info-box-wrap-6154 .aio-icon-description'  data-responsive-json-new='{\"font-size\":\"\",\"line-height\":\"\"}'  style=\"\">Corporate<\/p>\n<p>Identity<\/div> <!-- description --><\/div> <!-- aio-icon-box --><\/a><\/div> <!-- aio-icon-component --><div class=\"aio-icon-component    style_1\"><a class=\"aio-icon-box-link\" href=\"https:\/\/fevreka.com\/en\/what-are-we-doing\/\" title=\"What Are We Doing?\" ><div id=\"Info-box-wrap-3897\" class=\"aio-icon-box top-icon\" style=\"\"  ><div class=\"aio-icon-top\"><div class=\"ult-just-icon-wrapper  \"><div class=\"align-icon\" style=\"text-align:center;\">\n<div class=\"aio-icon circle \"  style=\"color:#ffffff;background:#ffb902;font-size:60px;display:inline-block;\">\n\t<i class=\"dashicons-fevreka-web-design\"><\/i>\n<\/div><\/div><\/div><\/div><div class=\"aio-icon-description ult-responsive\"  data-ultimate-target='#Info-box-wrap-3897 .aio-icon-description'  data-responsive-json-new='{\"font-size\":\"\",\"line-height\":\"\"}'  style=\"\">Web<\/p>\n<p>Design<\/div> <!-- description --><\/div> <!-- aio-icon-box --><\/a><\/div> <!-- aio-icon-component -->[\/vc_column][\/vc_row]<\/p>\n<\/div>","protected":false},"excerpt":{"rendered":"<p>[vc_row equal_height=&#8221;yes&#8221; content_placement=&#8221;middle&#8221;][vc_column width=&#8221;1\/2&#8243;][vc_single_image image=&#8221;993&#8243; img_size=&#8221;full&#8221; alignment=&#8221;center&#8221;][\/vc_column][vc_column width=&#8221;1\/2&#8243;][vc_custom_heading text=&#8221;Who Are We?&#8221; font_container=&#8221;tag:h2|font_size:30px|text_align:left|line_height:1.5&#8243; google_fonts=&#8221;font_family:Montserrat%3Aregular%2C700|font_style:700%20bold%20regular%3A700%3Anormal&#8221;][vc_column_text]We are the descendants of Archimedes. He said that the water moves up the objects while we said that the ideas moves up the brands. We are in pursuit of subtle and shaky ideas, such as the stone in the water, which is&hellip;<\/p>\n","protected":false},"author":1,"featured_media":0,"parent":0,"menu_order":78,"comment_status":"closed","ping_status":"closed","template":"","meta":[],"class_list":["post-1653","page","type-page","status-publish","hentry","description-off"],"yoast_head":"<!-- This site is optimized with the Yoast SEO plugin v26.6 - https:\/\/yoast.com\/wordpress\/plugins\/seo\/ -->\n<title>Fevreka \u2022 Advertising and Content Agency \u2022<\/title>\n<meta name=\"description\" content=\"Fevreka Advertising Agency is a digital advertising agency that offers 360-degree solutions in pursuit of ideas that make people say &quot;Evreka&quot;.\" \/>\n<meta name=\"robots\" content=\"index, follow, max-snippet:-1, max-image-preview:large, max-video-preview:-1\" \/>\n<link rel=\"canonical\" href=\"https:\/\/fevreka.com\/en\/\" \/>\n<meta property=\"og:locale\" content=\"en_US\" \/>\n<meta property=\"og:type\" content=\"article\" \/>\n<meta property=\"og:title\" content=\"Fevreka \u2022 Advertising and Content Agency \u2022\" \/>\n<meta property=\"og:description\" content=\"Fevreka Advertising Agency is a digital advertising agency that offers 360-degree solutions in pursuit of ideas that make people say &quot;Evreka&quot;.\" \/>\n<meta property=\"og:url\" content=\"https:\/\/fevreka.com\/en\/\" \/>\n<meta property=\"og:site_name\" content=\"Fevreka\" \/>\n<meta property=\"article:modified_time\" content=\"2022-05-17T14:12:48+00:00\" \/>\n<meta name=\"twitter:card\" content=\"summary_large_image\" \/>\n<meta name=\"twitter:label1\" content=\"Est. reading time\" \/>\n\t<meta name=\"twitter:data1\" content=\"7 minutes\" \/>\n<script type=\"application\/ld+json\" class=\"yoast-schema-graph\">{\"@context\":\"https:\/\/schema.org\",\"@graph\":[{\"@type\":\"WebPage\",\"@id\":\"https:\/\/fevreka.com\/en\/\",\"url\":\"https:\/\/fevreka.com\/en\/\",\"name\":\"Fevreka \u2022 Advertising and Content Agency \u2022\",\"isPartOf\":{\"@id\":\"https:\/\/fevreka.com\/#website\"},\"datePublished\":\"2022-01-13T11:26:57+00:00\",\"dateModified\":\"2022-05-17T14:12:48+00:00\",\"description\":\"Fevreka Advertising Agency is a digital advertising agency that offers 360-degree solutions in pursuit of ideas that make people say \\\"Evreka\\\".\",\"breadcrumb\":{\"@id\":\"https:\/\/fevreka.com\/en\/#breadcrumb\"},\"inLanguage\":\"en-US\",\"potentialAction\":[{\"@type\":\"ReadAction\",\"target\":[\"https:\/\/fevreka.com\/en\/\"]}]},{\"@type\":\"BreadcrumbList\",\"@id\":\"https:\/\/fevreka.com\/en\/#breadcrumb\",\"itemListElement\":[{\"@type\":\"ListItem\",\"position\":1,\"name\":\"Home\",\"item\":\"https:\/\/fevreka.com\/en\/\"},{\"@type\":\"ListItem\",\"position\":2,\"name\":\"Home\"}]},{\"@type\":\"WebSite\",\"@id\":\"https:\/\/fevreka.com\/#website\",\"url\":\"https:\/\/fevreka.com\/\",\"name\":\"Fevreka\",\"description\":\"Fevkalade Reklam ve \u0130\u00e7erik Ajans\u0131\",\"potentialAction\":[{\"@type\":\"SearchAction\",\"target\":{\"@type\":\"EntryPoint\",\"urlTemplate\":\"https:\/\/fevreka.com\/?s={search_term_string}\"},\"query-input\":{\"@type\":\"PropertyValueSpecification\",\"valueRequired\":true,\"valueName\":\"search_term_string\"}}],\"inLanguage\":\"en-US\"}]}<\/script>\n<!-- \/ Yoast SEO plugin. -->","yoast_head_json":{"title":"Fevreka \u2022 Advertising and Content Agency \u2022","description":"Fevreka Advertising Agency is a digital advertising agency that offers 360-degree solutions in pursuit of ideas that make people say \"Evreka\".","robots":{"index":"index","follow":"follow","max-snippet":"max-snippet:-1","max-image-preview":"max-image-preview:large","max-video-preview":"max-video-preview:-1"},"canonical":"https:\/\/fevreka.com\/en\/","og_locale":"en_US","og_type":"article","og_title":"Fevreka \u2022 Advertising and Content Agency \u2022","og_description":"Fevreka Advertising Agency is a digital advertising agency that offers 360-degree solutions in pursuit of ideas that make people say \"Evreka\".","og_url":"https:\/\/fevreka.com\/en\/","og_site_name":"Fevreka","article_modified_time":"2022-05-17T14:12:48+00:00","twitter_card":"summary_large_image","twitter_misc":{"Est. reading time":"7 minutes"},"schema":{"@context":"https:\/\/schema.org","@graph":[{"@type":"WebPage","@id":"https:\/\/fevreka.com\/en\/","url":"https:\/\/fevreka.com\/en\/","name":"Fevreka \u2022 Advertising and Content Agency \u2022","isPartOf":{"@id":"https:\/\/fevreka.com\/#website"},"datePublished":"2022-01-13T11:26:57+00:00","dateModified":"2022-05-17T14:12:48+00:00","description":"Fevreka Advertising Agency is a digital advertising agency that offers 360-degree solutions in pursuit of ideas that make people say \"Evreka\".","breadcrumb":{"@id":"https:\/\/fevreka.com\/en\/#breadcrumb"},"inLanguage":"en-US","potentialAction":[{"@type":"ReadAction","target":["https:\/\/fevreka.com\/en\/"]}]},{"@type":"BreadcrumbList","@id":"https:\/\/fevreka.com\/en\/#breadcrumb","itemListElement":[{"@type":"ListItem","position":1,"name":"Home","item":"https:\/\/fevreka.com\/en\/"},{"@type":"ListItem","position":2,"name":"Home"}]},{"@type":"WebSite","@id":"https:\/\/fevreka.com\/#website","url":"https:\/\/fevreka.com\/","name":"Fevreka","description":"Fevkalade Reklam ve \u0130\u00e7erik Ajans\u0131","potentialAction":[{"@type":"SearchAction","target":{"@type":"EntryPoint","urlTemplate":"https:\/\/fevreka.com\/?s={search_term_string}"},"query-input":{"@type":"PropertyValueSpecification","valueRequired":true,"valueName":"search_term_string"}}],"inLanguage":"en-US"}]}},"_links":{"self":[{"href":"https:\/\/fevreka.com\/en\/wp-json\/wp\/v2\/pages\/1653","targetHints":{"allow":["GET"]}}],"collection":[{"href":"https:\/\/fevreka.com\/en\/wp-json\/wp\/v2\/pages"}],"about":[{"href":"https:\/\/fevreka.com\/en\/wp-json\/wp\/v2\/types\/page"}],"author":[{"embeddable":true,"href":"https:\/\/fevreka.com\/en\/wp-json\/wp\/v2\/users\/1"}],"replies":[{"embeddable":true,"href":"https:\/\/fevreka.com\/en\/wp-json\/wp\/v2\/comments?post=1653"}],"version-history":[{"count":0,"href":"https:\/\/fevreka.com\/en\/wp-json\/wp\/v2\/pages\/1653\/revisions"}],"wp:attachment":[{"href":"https:\/\/fevreka.com\/en\/wp-json\/wp\/v2\/media?parent=1653"}],"curies":[{"name":"wp","href":"https:\/\/api.w.org\/{rel}","templated":true}]}}